{"id":6435,"date":"2025-11-09T22:55:16","date_gmt":"2025-11-09T21:55:16","guid":{"rendered":"https:\/\/maloglaus.com\/?post_type=product&#038;p=6435"},"modified":"2025-11-11T16:23:53","modified_gmt":"2025-11-11T15:23:53","slug":"livre-veni-cursi-vici","status":"publish","type":"product","link":"https:\/\/maloglaus.com\/en\/product\/livre-veni-cursi-vici\/","title":{"rendered":"Livre | Veni, Cursi, Vici"},"content":{"rendered":"<p>Design\u00e9 et publi\u00e9 par Malo Glaus<\/p>","protected":false},"excerpt":{"rendered":"<p><strong>Livre photo sur la course automobile \/\/ Saison 2024-2025<\/strong><\/p>\n<p>&nbsp;<\/p>\n<ul>\n<li>Oeuvre originale<\/li>\n<li>\u00c9dition limit\u00e9e : 30 exemplaires<\/li>\n<li>Sign\u00e9 et dat\u00e9<\/li>\n<\/ul>\n<p>&nbsp;<\/p>\n<ul>\n<li><span style=\"font-family: var(--global-body-font-family);\">28x19cm<\/span><\/li>\n<li><span style=\"font-family: var(--global-body-font-family);\">92 pages<\/span><\/li>\n<li><span style=\"font-family: var(--global-body-font-family);\">Couverture \u00ab\u00a0Soft Touch\u00a0\u00bb<\/span><\/li>\n<li>Ouverture \u00e0 plat<\/li>\n<\/ul>","protected":false},"featured_media":6443,"template":"","meta":{"_uag_custom_page_level_css":"","_kadence_starter_templates_imported_post":false,"_kad_post_transparent":"default","_kad_post_title":"","_kad_post_layout":"default","_kad_post_sidebar_id":"","_kad_post_content_style":"default","_kad_post_vertical_padding":"default","_kad_post_feature":"","_kad_post_feature_position":"","_kad_post_header":false,"_kad_post_footer":false,"_kad_post_classname":"","slim_seo":{"title":"Livre | Veni, Cursi, Vici - Malo Glaus","description":"Livre photo sur la course automobile \/\/ Saison 2024-2025 &nbsp; Oeuvre originale \u00c9dition limit\u00e9e : 30 exemplaires Sign\u00e9 et dat\u00e9 &nbsp; 28x19cm 92 pages Couvertu"}},"product_brand":[],"product_cat":[19],"product_tag":[],"class_list":{"0":"post-6435","1":"product","2":"type-product","3":"status-publish","4":"has-post-thumbnail","6":"product_cat-books","8":"first","9":"instock","10":"taxable","11":"shipping-taxable","12":"purchasable","13":"product-type-simple","14":"entry","15":"content-bg","16":"loop-entry"},"uagb_featured_image_src":{"full":["https:\/\/maloglaus.com\/wp-content\/uploads\/2025\/11\/livre-1-1-scaled-e1762805149603.jpg",1000,1250,false],"thumbnail":["https:\/\/maloglaus.com\/wp-content\/uploads\/2025\/11\/livre-1-1-150x150.jpg",150,150,true],"medium":["https:\/\/maloglaus.com\/wp-content\/uploads\/2025\/11\/livre-1-1-240x300.jpg",240,300,true],"medium_large":["https:\/\/maloglaus.com\/wp-content\/uploads\/2025\/11\/livre-1-1-768x960.jpg",768,960,true],"large":["https:\/\/maloglaus.com\/wp-content\/uploads\/2025\/11\/livre-1-1-720x900.jpg",720,900,true],"1536x1536":["https:\/\/maloglaus.com\/wp-content\/uploads\/2025\/11\/livre-1-1-1229x1536.jpg",1229,1536,true],"2048x2048":["https:\/\/maloglaus.com\/wp-content\/uploads\/2025\/11\/livre-1-1-1638x2048.jpg",1638,2048,true],"trp-custom-language-flag":["https:\/\/maloglaus.com\/wp-content\/uploads\/2025\/11\/livre-1-1-10x12.jpg",10,12,true],"depicter-thumbnail":["https:\/\/maloglaus.com\/wp-content\/uploads\/2025\/11\/livre-1-1-200x250.jpg",200,250,true],"woocommerce_thumbnail":["https:\/\/maloglaus.com\/wp-content\/uploads\/2025\/11\/livre-1-1-300x375.jpg",300,375,true],"woocommerce_single":["https:\/\/maloglaus.com\/wp-content\/uploads\/2025\/11\/livre-1-1-600x750.jpg",600,750,true],"woocommerce_gallery_thumbnail":["https:\/\/maloglaus.com\/wp-content\/uploads\/2025\/11\/livre-1-1-100x100.jpg",100,100,true]},"uagb_author_info":{"display_name":"Malo GLAUS","author_link":"https:\/\/maloglaus.com\/en\/author\/"},"uagb_comment_info":0,"uagb_excerpt":"Livre photo sur la course automobile \/\/ Saison 2024-2025 &nbsp; Oeuvre originale \u00c9dition limit\u00e9e : 30 exemplaires Sign\u00e9 et dat\u00e9 &nbsp; 28x19cm 92 pages Couverture \"Soft Touch\" Ouverture \u00e0 plat","_links":{"self":[{"href":"https:\/\/maloglaus.com\/en\/wp-json\/wp\/v2\/product\/6435","targetHints":{"allow":["GET"]}}],"collection":[{"href":"https:\/\/maloglaus.com\/en\/wp-json\/wp\/v2\/product"}],"about":[{"href":"https:\/\/maloglaus.com\/en\/wp-json\/wp\/v2\/types\/product"}],"wp:featuredmedia":[{"embeddable":true,"href":"https:\/\/maloglaus.com\/en\/wp-json\/wp\/v2\/media\/6443"}],"wp:attachment":[{"href":"https:\/\/maloglaus.com\/en\/wp-json\/wp\/v2\/media?parent=6435"}],"wp:term":[{"taxonomy":"product_brand","embeddable":true,"href":"https:\/\/maloglaus.com\/en\/wp-json\/wp\/v2\/product_brand?post=6435"},{"taxonomy":"product_cat","embeddable":true,"href":"https:\/\/maloglaus.com\/en\/wp-json\/wp\/v2\/product_cat?post=6435"},{"taxonomy":"product_tag","embeddable":true,"href":"https:\/\/maloglaus.com\/en\/wp-json\/wp\/v2\/product_tag?post=6435"}],"curies":[{"name":"wp","href":"https:\/\/api.w.org\/{rel}","templated":true}]}}