{"id":6411,"date":"2025-11-09T22:31:39","date_gmt":"2025-11-09T21:31:39","guid":{"rendered":"https:\/\/maloglaus.com\/?post_type=product&#038;p=6411"},"modified":"2025-11-11T16:03:16","modified_gmt":"2025-11-11T15:03:16","slug":"t-shirt-paddock-walker","status":"publish","type":"product","link":"https:\/\/maloglaus.com\/en\/product\/t-shirt-paddock-walker\/","title":{"rendered":"T-shirt PADDOCK WALKER"},"content":{"rendered":"<p>Oeuvre originale imprim\u00e9e sur t-shirt<\/p>","protected":false},"excerpt":{"rendered":"<ul>\n<li>\u00c9dition limit\u00e9e : 30 exemplaires<\/li>\n<li>Sign\u00e9 et dat\u00e9<\/li>\n<li>100% Coton biologique<\/li>\n<\/ul>\n<p>PR\u00c9COMMANDE UNIQUEMENT pour des raisons de taille<\/p>","protected":false},"featured_media":5878,"template":"","meta":{"_uag_custom_page_level_css":"","_kadence_starter_templates_imported_post":false,"_kad_post_transparent":"default","_kad_post_title":"","_kad_post_layout":"default","_kad_post_sidebar_id":"","_kad_post_content_style":"default","_kad_post_vertical_padding":"default","_kad_post_feature":"","_kad_post_feature_position":"","_kad_post_header":false,"_kad_post_footer":false,"_kad_post_classname":"","slim_seo":{"title":"T-shirt PADDOCK WALKER - Malo Glaus","description":"\u00c9dition limit\u00e9e : 30 exemplaires Sign\u00e9 et dat\u00e9 100% Coton biologique PR\u00c9COMMANDE UNIQUEMENT pour des raisons de taille"}},"product_brand":[],"product_cat":[18],"product_tag":[],"class_list":{"0":"post-6411","1":"product","2":"type-product","3":"status-publish","4":"has-post-thumbnail","6":"product_cat-t-shirt","8":"first","9":"instock","10":"taxable","11":"shipping-taxable","12":"purchasable","13":"product-type-variable","14":"entry","15":"content-bg","16":"loop-entry"},"uagb_featured_image_src":{"full":["https:\/\/maloglaus.com\/wp-content\/uploads\/2025\/07\/Capture-decran-2024-10-07-a-12.48.16.png",912,930,false],"thumbnail":["https:\/\/maloglaus.com\/wp-content\/uploads\/2025\/07\/Capture-decran-2024-10-07-a-12.48.16-150x150.png",150,150,true],"medium":["https:\/\/maloglaus.com\/wp-content\/uploads\/2025\/07\/Capture-decran-2024-10-07-a-12.48.16-294x300.png",294,300,true],"medium_large":["https:\/\/maloglaus.com\/wp-content\/uploads\/2025\/07\/Capture-decran-2024-10-07-a-12.48.16-768x783.png",768,783,true],"large":["https:\/\/maloglaus.com\/wp-content\/uploads\/2025\/07\/Capture-decran-2024-10-07-a-12.48.16-883x900.png",883,900,true],"1536x1536":["https:\/\/maloglaus.com\/wp-content\/uploads\/2025\/07\/Capture-decran-2024-10-07-a-12.48.16.png",912,930,false],"2048x2048":["https:\/\/maloglaus.com\/wp-content\/uploads\/2025\/07\/Capture-decran-2024-10-07-a-12.48.16.png",912,930,false],"trp-custom-language-flag":["https:\/\/maloglaus.com\/wp-content\/uploads\/2025\/07\/Capture-decran-2024-10-07-a-12.48.16-12x12.png",12,12,true],"depicter-thumbnail":["https:\/\/maloglaus.com\/wp-content\/uploads\/2025\/07\/Capture-decran-2024-10-07-a-12.48.16-200x204.png",200,204,true],"woocommerce_thumbnail":["https:\/\/maloglaus.com\/wp-content\/uploads\/2025\/07\/Capture-decran-2024-10-07-a-12.48.16-300x306.png",300,306,true],"woocommerce_single":["https:\/\/maloglaus.com\/wp-content\/uploads\/2025\/07\/Capture-decran-2024-10-07-a-12.48.16-600x612.png",600,612,true],"woocommerce_gallery_thumbnail":["https:\/\/maloglaus.com\/wp-content\/uploads\/2025\/07\/Capture-decran-2024-10-07-a-12.48.16-100x100.png",100,100,true]},"uagb_author_info":{"display_name":"Malo GLAUS","author_link":"https:\/\/maloglaus.com\/en\/author\/"},"uagb_comment_info":0,"uagb_excerpt":"\u00c9dition limit\u00e9e : 30 exemplaires Sign\u00e9 et dat\u00e9 100% Coton biologique PR\u00c9COMMANDE UNIQUEMENT pour des raisons de taille","_links":{"self":[{"href":"https:\/\/maloglaus.com\/en\/wp-json\/wp\/v2\/product\/6411","targetHints":{"allow":["GET"]}}],"collection":[{"href":"https:\/\/maloglaus.com\/en\/wp-json\/wp\/v2\/product"}],"about":[{"href":"https:\/\/maloglaus.com\/en\/wp-json\/wp\/v2\/types\/product"}],"wp:featuredmedia":[{"embeddable":true,"href":"https:\/\/maloglaus.com\/en\/wp-json\/wp\/v2\/media\/5878"}],"wp:attachment":[{"href":"https:\/\/maloglaus.com\/en\/wp-json\/wp\/v2\/media?parent=6411"}],"wp:term":[{"taxonomy":"product_brand","embeddable":true,"href":"https:\/\/maloglaus.com\/en\/wp-json\/wp\/v2\/product_brand?post=6411"},{"taxonomy":"product_cat","embeddable":true,"href":"https:\/\/maloglaus.com\/en\/wp-json\/wp\/v2\/product_cat?post=6411"},{"taxonomy":"product_tag","embeddable":true,"href":"https:\/\/maloglaus.com\/en\/wp-json\/wp\/v2\/product_tag?post=6411"}],"curies":[{"name":"wp","href":"https:\/\/api.w.org\/{rel}","templated":true}]}}