{"id":6390,"date":"2025-11-08T22:48:10","date_gmt":"2025-11-08T21:48:10","guid":{"rendered":"https:\/\/maloglaus.com\/?post_type=product&#038;p=6390"},"modified":"2025-11-11T16:03:39","modified_gmt":"2025-11-11T15:03:39","slug":"t-shirt-bigfoot","status":"publish","type":"product","link":"https:\/\/maloglaus.com\/en\/product\/t-shirt-bigfoot\/","title":{"rendered":"T-shirt BIGFOOT"},"content":{"rendered":"<p>Oeuvre originale imprim\u00e9e sur t-shirt<\/p>","protected":false},"excerpt":{"rendered":"<ul>\n<li>\u00c9dition limit\u00e9e : 30 exemplaires<\/li>\n<li>Sign\u00e9 et dat\u00e9<\/li>\n<li>100% Coton biologique<\/li>\n<\/ul>\n<p>PR\u00c9COMMANDE UNIQUEMENT pour des raisons de taille<\/p>","protected":false},"featured_media":5876,"template":"","meta":{"_uag_custom_page_level_css":"","_kadence_starter_templates_imported_post":false,"_kad_post_transparent":"default","_kad_post_title":"","_kad_post_layout":"default","_kad_post_sidebar_id":"","_kad_post_content_style":"default","_kad_post_vertical_padding":"default","_kad_post_feature":"","_kad_post_feature_position":"","_kad_post_header":false,"_kad_post_footer":false,"_kad_post_classname":"","slim_seo":{"title":"T-shirt BIGFOOT - Malo Glaus","description":"\u00c9dition limit\u00e9e : 30 exemplaires Sign\u00e9 et dat\u00e9 100% Coton biologique PR\u00c9COMMANDE UNIQUEMENT pour des raisons de taille"}},"product_brand":[],"product_cat":[18],"product_tag":[],"class_list":{"0":"post-6390","1":"product","2":"type-product","3":"status-publish","4":"has-post-thumbnail","6":"product_cat-t-shirt","8":"first","9":"instock","10":"taxable","11":"shipping-taxable","12":"purchasable","13":"product-type-variable","14":"entry","15":"content-bg","16":"loop-entry"},"uagb_featured_image_src":{"full":["https:\/\/maloglaus.com\/wp-content\/uploads\/2025\/07\/Capture-decran-2025-05-01-a-22.40.55-e1762640186802.png",897,900,false],"thumbnail":["https:\/\/maloglaus.com\/wp-content\/uploads\/2025\/07\/Capture-decran-2025-05-01-a-22.40.55-150x150.png",150,150,true],"medium":["https:\/\/maloglaus.com\/wp-content\/uploads\/2025\/07\/Capture-decran-2025-05-01-a-22.40.55-300x300.png",300,300,true],"medium_large":["https:\/\/maloglaus.com\/wp-content\/uploads\/2025\/07\/Capture-decran-2025-05-01-a-22.40.55-768x771.png",768,771,true],"large":["https:\/\/maloglaus.com\/wp-content\/uploads\/2025\/07\/Capture-decran-2025-05-01-a-22.40.55-897x900.png",897,900,true],"1536x1536":["https:\/\/maloglaus.com\/wp-content\/uploads\/2025\/07\/Capture-decran-2025-05-01-a-22.40.55-e1762640186802.png",897,900,false],"2048x2048":["https:\/\/maloglaus.com\/wp-content\/uploads\/2025\/07\/Capture-decran-2025-05-01-a-22.40.55-e1762640186802.png",897,900,false],"trp-custom-language-flag":["https:\/\/maloglaus.com\/wp-content\/uploads\/2025\/07\/Capture-decran-2025-05-01-a-22.40.55-12x12.png",12,12,true],"depicter-thumbnail":["https:\/\/maloglaus.com\/wp-content\/uploads\/2025\/07\/Capture-decran-2025-05-01-a-22.40.55-200x201.png",200,201,true],"woocommerce_thumbnail":["https:\/\/maloglaus.com\/wp-content\/uploads\/2025\/07\/Capture-decran-2025-05-01-a-22.40.55-300x301.png",300,301,true],"woocommerce_single":["https:\/\/maloglaus.com\/wp-content\/uploads\/2025\/07\/Capture-decran-2025-05-01-a-22.40.55-600x602.png",600,602,true],"woocommerce_gallery_thumbnail":["https:\/\/maloglaus.com\/wp-content\/uploads\/2025\/07\/Capture-decran-2025-05-01-a-22.40.55-100x100.png",100,100,true]},"uagb_author_info":{"display_name":"Malo GLAUS","author_link":"https:\/\/maloglaus.com\/en\/author\/"},"uagb_comment_info":0,"uagb_excerpt":"\u00c9dition limit\u00e9e : 30 exemplaires Sign\u00e9 et dat\u00e9 100% Coton biologique PR\u00c9COMMANDE UNIQUEMENT pour des raisons de taille","_links":{"self":[{"href":"https:\/\/maloglaus.com\/en\/wp-json\/wp\/v2\/product\/6390","targetHints":{"allow":["GET"]}}],"collection":[{"href":"https:\/\/maloglaus.com\/en\/wp-json\/wp\/v2\/product"}],"about":[{"href":"https:\/\/maloglaus.com\/en\/wp-json\/wp\/v2\/types\/product"}],"wp:featuredmedia":[{"embeddable":true,"href":"https:\/\/maloglaus.com\/en\/wp-json\/wp\/v2\/media\/5876"}],"wp:attachment":[{"href":"https:\/\/maloglaus.com\/en\/wp-json\/wp\/v2\/media?parent=6390"}],"wp:term":[{"taxonomy":"product_brand","embeddable":true,"href":"https:\/\/maloglaus.com\/en\/wp-json\/wp\/v2\/product_brand?post=6390"},{"taxonomy":"product_cat","embeddable":true,"href":"https:\/\/maloglaus.com\/en\/wp-json\/wp\/v2\/product_cat?post=6390"},{"taxonomy":"product_tag","embeddable":true,"href":"https:\/\/maloglaus.com\/en\/wp-json\/wp\/v2\/product_tag?post=6390"}],"curies":[{"name":"wp","href":"https:\/\/api.w.org\/{rel}","templated":true}]}}