{"id":3983,"date":"2025-01-18T12:36:34","date_gmt":"2025-01-18T11:36:34","guid":{"rendered":"https:\/\/maloglaus.com\/?post_type=product&#038;p=3983"},"modified":"2025-11-11T15:41:38","modified_gmt":"2025-11-11T14:41:38","slug":"team-ski","status":"publish","type":"product","link":"https:\/\/maloglaus.com\/en\/product\/team-ski\/","title":{"rendered":"T-shirt TEAM SKI"},"content":{"rendered":"<p>Oeuvre originale imprim\u00e9e sur t-shirt<\/p>","protected":false},"excerpt":{"rendered":"<ul>\n<li>\u00c9dition limit\u00e9e : 30 exemplaires<\/li>\n<li>Sign\u00e9 et dat\u00e9<\/li>\n<li>100% Coton biologique<\/li>\n<\/ul>\n<p>PR\u00c9COMMANDE UNIQUEMENT pour des raisons de taille<\/p>","protected":false},"featured_media":3984,"template":"","meta":{"_uag_custom_page_level_css":"","_kadence_starter_templates_imported_post":false,"_kad_post_transparent":"default","_kad_post_title":"","_kad_post_layout":"default","_kad_post_sidebar_id":"","_kad_post_content_style":"default","_kad_post_vertical_padding":"default","_kad_post_feature":"","_kad_post_feature_position":"","_kad_post_header":false,"_kad_post_footer":false,"_kad_post_classname":"","slim_seo":{"title":"T-shirt TEAM SKI - Malo Glaus","description":"\u00c9dition limit\u00e9e : 30 exemplaires Sign\u00e9 et dat\u00e9 100% Coton biologique PR\u00c9COMMANDE UNIQUEMENT pour des raisons de taille"}},"product_brand":[],"product_cat":[18],"product_tag":[],"class_list":{"0":"post-3983","1":"product","2":"type-product","3":"status-publish","4":"has-post-thumbnail","6":"product_cat-t-shirt","8":"first","9":"instock","10":"taxable","11":"shipping-taxable","12":"purchasable","13":"product-type-variable","14":"entry","15":"content-bg","16":"loop-entry"},"uagb_featured_image_src":{"full":["https:\/\/maloglaus.com\/wp-content\/uploads\/2025\/01\/Image-17-01-2025-a-14.30.jpg",1160,1174,false],"thumbnail":["https:\/\/maloglaus.com\/wp-content\/uploads\/2025\/01\/Image-17-01-2025-a-14.30-150x150.jpg",150,150,true],"medium":["https:\/\/maloglaus.com\/wp-content\/uploads\/2025\/01\/Image-17-01-2025-a-14.30-296x300.jpg",296,300,true],"medium_large":["https:\/\/maloglaus.com\/wp-content\/uploads\/2025\/01\/Image-17-01-2025-a-14.30-768x777.jpg",768,777,true],"large":["https:\/\/maloglaus.com\/wp-content\/uploads\/2025\/01\/Image-17-01-2025-a-14.30-1012x1024.jpg",889,900,true],"1536x1536":["https:\/\/maloglaus.com\/wp-content\/uploads\/2025\/01\/Image-17-01-2025-a-14.30.jpg",1160,1174,false],"2048x2048":["https:\/\/maloglaus.com\/wp-content\/uploads\/2025\/01\/Image-17-01-2025-a-14.30.jpg",1160,1174,false],"trp-custom-language-flag":["https:\/\/maloglaus.com\/wp-content\/uploads\/2025\/01\/Image-17-01-2025-a-14.30.jpg",12,12,false],"depicter-thumbnail":["https:\/\/maloglaus.com\/wp-content\/uploads\/2025\/01\/Image-17-01-2025-a-14.30.jpg",200,202,false],"woocommerce_thumbnail":["https:\/\/maloglaus.com\/wp-content\/uploads\/2025\/01\/Image-17-01-2025-a-14.30-300x304.jpg",300,304,true],"woocommerce_single":["https:\/\/maloglaus.com\/wp-content\/uploads\/2025\/01\/Image-17-01-2025-a-14.30-600x607.jpg",600,607,true],"woocommerce_gallery_thumbnail":["https:\/\/maloglaus.com\/wp-content\/uploads\/2025\/01\/Image-17-01-2025-a-14.30-100x100.jpg",100,100,true]},"uagb_author_info":{"display_name":"Malo GLAUS","author_link":"https:\/\/maloglaus.com\/en\/author\/"},"uagb_comment_info":0,"uagb_excerpt":"\u00c9dition limit\u00e9e : 30 exemplaires Sign\u00e9 et dat\u00e9 100% Coton biologique PR\u00c9COMMANDE UNIQUEMENT pour des raisons de taille","_links":{"self":[{"href":"https:\/\/maloglaus.com\/en\/wp-json\/wp\/v2\/product\/3983","targetHints":{"allow":["GET"]}}],"collection":[{"href":"https:\/\/maloglaus.com\/en\/wp-json\/wp\/v2\/product"}],"about":[{"href":"https:\/\/maloglaus.com\/en\/wp-json\/wp\/v2\/types\/product"}],"wp:featuredmedia":[{"embeddable":true,"href":"https:\/\/maloglaus.com\/en\/wp-json\/wp\/v2\/media\/3984"}],"wp:attachment":[{"href":"https:\/\/maloglaus.com\/en\/wp-json\/wp\/v2\/media?parent=3983"}],"wp:term":[{"taxonomy":"product_brand","embeddable":true,"href":"https:\/\/maloglaus.com\/en\/wp-json\/wp\/v2\/product_brand?post=3983"},{"taxonomy":"product_cat","embeddable":true,"href":"https:\/\/maloglaus.com\/en\/wp-json\/wp\/v2\/product_cat?post=3983"},{"taxonomy":"product_tag","embeddable":true,"href":"https:\/\/maloglaus.com\/en\/wp-json\/wp\/v2\/product_tag?post=3983"}],"curies":[{"name":"wp","href":"https:\/\/api.w.org\/{rel}","templated":true}]}}