{"id":4471,"date":"2025-03-25T21:20:28","date_gmt":"2025-03-25T20:20:28","guid":{"rendered":"https:\/\/maloglaus.com\/?page_id=4471"},"modified":"2026-01-23T14:52:13","modified_gmt":"2026-01-23T13:52:13","slug":"mentions-legales","status":"publish","type":"page","link":"https:\/\/maloglaus.com\/en\/mentions-legales\/","title":{"rendered":"Mentions l\u00e9gales"},"content":{"rendered":"<p class=\"has-large-font-size\"><\/p>\n\n\n\n<p><strong>Droit de Propri\u00e9t\u00e9 Intellectuelle<\/strong><\/p>\n\n\n\n<p>L\u2019ensemble des contenus pr\u00e9sents sur ce site, incluant notamment les photographies, vid\u00e9os, textes et graphismes, est prot\u00e9g\u00e9 par le droit de la propri\u00e9t\u00e9 intellectuelle et demeure la propri\u00e9t\u00e9 exclusive de Malo Glaus. Toute reproduction, modification, diffusion ou exploitation, totale ou partielle, sans autorisation \u00e9crite pr\u00e9alable est strictement interdite et passible de poursuites conform\u00e9ment aux articles L.335-2 et suivants du Code de la propri\u00e9t\u00e9 intellectuelle. L\u2019utilisation des \u0153uvres sans accord pr\u00e9alable constitue une contrefa\u00e7on et engage la responsabilit\u00e9 de l\u2019utilisateur.<\/p>\n\n\n\n<p><em>Conform\u00e9ment aux dispositions de la loi n\u00b0 2004-575 du 21 juin 2004 pour la confiance en l&rsquo;\u00e9conomie num\u00e9rique, il est pr\u00e9cis\u00e9 aux utilisateurs du site Maloglaus l&rsquo;identit\u00e9 des diff\u00e9rents intervenants dans le cadre de sa r\u00e9alisation et de son suivi.<\/em><\/p>\n\n\n\n<p><strong>Edition du site&nbsp;<\/strong><\/p>\n\n\n\n<p>Le pr\u00e9sent site, accessible \u00e0 l\u2019URL maloglaus.com (le \u00ab Site \u00bb), est \u00e9dit\u00e9 par :<\/p>\n\n\n\n<p>Malo Glaus, de nationalit\u00e9 Fran\u00e7aise (France) et Suisse (Suisse), n\u00e9(e) le 09\/01\/2002,&nbsp;<\/p>\n\n\n\n<p>Le num\u00e9ro individuel TVA de l\u2019\u00e9diteur est : FR69932110364.<br><\/p>\n\n\n\n<p><strong>H\u00e9bergement<\/strong><\/p>\n\n\n\n<p><br>Le Site est h\u00e9berg\u00e9 par la soci\u00e9t\u00e9 Hostinger, situ\u00e9 61 Lordou Vironos Street, 6023 Larnaca, Chypre<\/p>\n\n\n\n<p><strong>Directeur de publication&nbsp;<\/strong><\/p>\n\n\n\n<p><br>Le Directeur de la publication du Site est Malo Glaus.<\/p>\n\n\n\n<p><strong>Nous contacter&nbsp;<\/strong><\/p>\n\n\n\n<p><br>Par t\u00e9l\u00e9phone&nbsp;: +33767150999<\/p>\n\n\n\n<p>Par email&nbsp;: contact@maloglaus.com<\/p>\n\n\n\n<p>G\u00e9n\u00e9ration des mentions l\u00e9gales par <a href=\"https:\/\/www.legalstart.fr\/\">Legalstart<\/a>.<\/p>\n\n\n\n<p><\/p>","protected":false},"excerpt":{"rendered":"<p>Droit de Propri\u00e9t\u00e9 Intellectuelle L\u2019ensemble des contenus pr\u00e9sents sur ce site, incluant notamment les photographies, vid\u00e9os, textes et graphismes, est prot\u00e9g\u00e9 par le droit de la propri\u00e9t\u00e9 intellectuelle et demeure la propri\u00e9t\u00e9 exclusive de Malo Glaus. Toute reproduction, modification, diffusion ou exploitation, totale ou partielle, sans autorisation \u00e9crite pr\u00e9alable est strictement interdite et passible de&#8230;<\/p>","protected":false},"author":1,"featured_media":0,"parent":0,"menu_order":0,"comment_status":"closed","ping_status":"closed","template":"","meta":{"_uag_custom_page_level_css":"","_kadence_starter_templates_imported_post":false,"_kad_post_transparent":"","_kad_post_title":"","_kad_post_layout":"","_kad_post_sidebar_id":"","_kad_post_content_style":"","_kad_post_vertical_padding":"","_kad_post_feature":"","_kad_post_feature_position":"","_kad_post_header":false,"_kad_post_footer":false,"_kad_post_classname":"","slim_seo":{"noindex":"1","title":"Mentions l\u00e9gales - Malo Glaus","description":"Droit de Propri\u00e9t\u00e9 Intellectuelle L\u2019ensemble des contenus pr\u00e9sents sur ce site, incluant notamment les photographies, vid\u00e9os, textes et graphismes, est prot\u00e9g\u00e9"},"footnotes":""},"class_list":["post-4471","page","type-page","status-publish","hentry"],"uagb_featured_image_src":{"full":false,"thumbnail":false,"medium":false,"medium_large":false,"large":false,"1536x1536":false,"2048x2048":false,"trp-custom-language-flag":false,"depicter-thumbnail":false,"woocommerce_thumbnail":false,"woocommerce_single":false,"woocommerce_gallery_thumbnail":false},"uagb_author_info":{"display_name":"Malo GLAUS","author_link":"https:\/\/maloglaus.com\/en\/author\/maloglaus\/"},"uagb_comment_info":0,"uagb_excerpt":"Droit de Propri\u00e9t\u00e9 Intellectuelle L\u2019ensemble des contenus pr\u00e9sents sur ce site, incluant notamment les photographies, vid\u00e9os, textes et graphismes, est prot\u00e9g\u00e9 par le droit de la propri\u00e9t\u00e9 intellectuelle et demeure la propri\u00e9t\u00e9 exclusive de Malo Glaus. Toute reproduction, modification, diffusion ou exploitation, totale ou partielle, sans autorisation \u00e9crite pr\u00e9alable est strictement interdite et passible de...","_links":{"self":[{"href":"https:\/\/maloglaus.com\/en\/wp-json\/wp\/v2\/pages\/4471","targetHints":{"allow":["GET"]}}],"collection":[{"href":"https:\/\/maloglaus.com\/en\/wp-json\/wp\/v2\/pages"}],"about":[{"href":"https:\/\/maloglaus.com\/en\/wp-json\/wp\/v2\/types\/page"}],"author":[{"embeddable":true,"href":"https:\/\/maloglaus.com\/en\/wp-json\/wp\/v2\/users\/1"}],"replies":[{"embeddable":true,"href":"https:\/\/maloglaus.com\/en\/wp-json\/wp\/v2\/comments?post=4471"}],"version-history":[{"count":6,"href":"https:\/\/maloglaus.com\/en\/wp-json\/wp\/v2\/pages\/4471\/revisions"}],"predecessor-version":[{"id":7321,"href":"https:\/\/maloglaus.com\/en\/wp-json\/wp\/v2\/pages\/4471\/revisions\/7321"}],"wp:attachment":[{"href":"https:\/\/maloglaus.com\/en\/wp-json\/wp\/v2\/media?parent=4471"}],"curies":[{"name":"wp","href":"https:\/\/api.w.org\/{rel}","templated":true}]}}