{"id":34,"date":"2024-01-08T16:18:26","date_gmt":"2024-01-08T15:18:26","guid":{"rendered":"https:\/\/www.lula4357.odns.fr\/?page_id=34"},"modified":"2026-02-02T14:03:24","modified_gmt":"2026-02-02T13:03:24","slug":"biographie","status":"publish","type":"page","link":"https:\/\/maloglaus.com\/en\/biographie\/","title":{"rendered":"Biography"},"content":{"rendered":"<div data-elementor-type=\"wp-page\" data-elementor-id=\"34\" class=\"elementor elementor-34\">\n\t\t\t\t<div class=\"elementor-element elementor-element-57455f0 elementor-hidden-tablet elementor-hidden-mobile e-flex e-con-boxed e-con e-parent\" data-id=\"57455f0\" data-element_type=\"container\">\n\t\t\t\t\t<div class=\"e-con-inner\">\n\t\t<div class=\"elementor-element elementor-element-36fce9b e-con-full e-flex e-con e-child\" data-id=\"36fce9b\" data-element_type=\"container\">\n\t\t\t\t<div class=\"elementor-element elementor-element-5cbd3e0 elementor-widget__width-initial elementor-hidden-tablet elementor-hidden-mobile elementor-widget elementor-widget-image\" data-id=\"5cbd3e0\" data-element_type=\"widget\" data-widget_type=\"image.default\">\n\t\t\t\t<div class=\"elementor-widget-container\">\n\t\t\t\t\t\t\t\t\t\t\t\t\t\t\t<img fetchpriority=\"high\" decoding=\"async\" width=\"600\" height=\"900\" src=\"https:\/\/maloglaus.com\/wp-content\/uploads\/2026\/02\/DSC00473-600x900.jpg\" class=\"attachment-large size-large wp-image-8112\" alt=\"Malo Glaus portrait\" srcset=\"https:\/\/maloglaus.com\/wp-content\/uploads\/2026\/02\/DSC00473-600x900.jpg 600w, https:\/\/maloglaus.com\/wp-content\/uploads\/2026\/02\/DSC00473-200x300.jpg 200w, https:\/\/maloglaus.com\/wp-content\/uploads\/2026\/02\/DSC00473-8x12.jpg 8w, https:\/\/maloglaus.com\/wp-content\/uploads\/2026\/02\/DSC00473-300x450.jpg 300w, https:\/\/maloglaus.com\/wp-content\/uploads\/2026\/02\/DSC00473.jpg 667w\" sizes=\"(max-width: 600px) 100vw, 600px\" \/>\t\t\t\t\t\t\t\t\t\t\t\t\t\t\t<\/div>\n\t\t\t\t<\/div>\n\t\t\t\t<\/div>\n\t\t<div class=\"elementor-element elementor-element-b405ab4 e-con-full elementor-hidden-tablet elementor-hidden-mobile e-flex e-con e-child\" data-id=\"b405ab4\" data-element_type=\"container\">\n\t\t\t\t<div class=\"elementor-element elementor-element-16b262c e-transform elementor-hidden-tablet elementor-hidden-mobile elementor-widget elementor-widget-heading\" data-id=\"16b262c\" data-element_type=\"widget\" data-settings=\"{&quot;_transform_translateX_effect&quot;:{&quot;unit&quot;:&quot;px&quot;,&quot;size&quot;:-61,&quot;sizes&quot;:[]},&quot;_transform_translateY_effect&quot;:{&quot;unit&quot;:&quot;px&quot;,&quot;size&quot;:-8,&quot;sizes&quot;:[]},&quot;_transform_translateX_effect_tablet&quot;:{&quot;unit&quot;:&quot;px&quot;,&quot;size&quot;:&quot;&quot;,&quot;sizes&quot;:[]},&quot;_transform_translateX_effect_mobile&quot;:{&quot;unit&quot;:&quot;px&quot;,&quot;size&quot;:&quot;&quot;,&quot;sizes&quot;:[]},&quot;_transform_translateY_effect_tablet&quot;:{&quot;unit&quot;:&quot;px&quot;,&quot;size&quot;:&quot;&quot;,&quot;sizes&quot;:[]},&quot;_transform_translateY_effect_mobile&quot;:{&quot;unit&quot;:&quot;px&quot;,&quot;size&quot;:&quot;&quot;,&quot;sizes&quot;:[]}}\" data-widget_type=\"heading.default\">\n\t\t\t\t<div class=\"elementor-widget-container\">\n\t\t\t\t\t<h2 class=\"elementor-heading-title elementor-size-default\">MALO<br>&nbsp;&nbsp;&nbsp;&nbsp;GLAUS<div>BIOGRAPHY<span style=\"text-align: var(--text-align)\"><\/span><\/div><\/h2>\t\t\t\t<\/div>\n\t\t\t\t<\/div>\n\t\t\t\t<div class=\"elementor-element elementor-element-099f390 elementor-widget elementor-widget-text-editor\" data-id=\"099f390\" data-element_type=\"widget\" data-widget_type=\"text-editor.default\">\n\t\t\t\t<div class=\"elementor-widget-container\">\n\t\t\t\t\t\t\t\t\t<p>French-Swiss photographer and videographer, graduated from a <strong><em>Bachelor\u2019s Degree in Photography and Moving Images<\/em><\/strong>, and in<em>\u00a0<strong>Project conception in graphic design and visual arts<\/strong><\/em> in \u00c9cole de Cond\u00e9 Nancy.<\/p><p>The power of images on our perception of the world fascinates me, especially since the overabundance of images is part of our daily lives. That\u2019s why I place special importance on visual impact and how well-thought-out communication can leave a lasting impression.<\/p><p>My approach relies as much on aesthetics as on storytelling. Each image carries an atmosphere, a fragment of a story, but it is through their sequence that the narrative emerges. My work is to create worlds that give the illusion of a reality I try to bring to life or revive through my images.<\/p>\t\t\t\t\t\t\t\t<\/div>\n\t\t\t\t<\/div>\n\t\t\t\t<\/div>\n\t\t\t\t\t<\/div>\n\t\t\t\t<\/div>\n\t\t<div class=\"elementor-element elementor-element-cfc4deb e-flex e-con-boxed e-con e-parent\" data-id=\"cfc4deb\" data-element_type=\"container\">\n\t\t\t\t\t<div class=\"e-con-inner\">\n\t\t<div class=\"elementor-element elementor-element-413ab5b e-con-full e-flex e-con e-child\" data-id=\"413ab5b\" data-element_type=\"container\">\n\t\t\t\t<div class=\"elementor-element elementor-element-5916ec6 elementor-hidden-desktop elementor-widget elementor-widget-heading\" data-id=\"5916ec6\" data-element_type=\"widget\" data-widget_type=\"heading.default\">\n\t\t\t\t<div class=\"elementor-widget-container\">\n\t\t\t\t\t<h2 class=\"elementor-heading-title elementor-size-default\">MALO<br>&nbsp;&nbsp;&nbsp;&nbsp;GLAUS<div>BIOGRAPHY<span style=\"text-align: var(--text-align)\"><\/span><\/div><\/h2>\t\t\t\t<\/div>\n\t\t\t\t<\/div>\n\t\t\t\t<\/div>\n\t\t<div class=\"elementor-element elementor-element-f12222e e-con-full e-flex e-con e-child\" data-id=\"f12222e\" data-element_type=\"container\">\n\t\t\t\t<div class=\"elementor-element elementor-element-bdb9425 elementor-widget__width-initial elementor-hidden-desktop elementor-widget-mobile__width-initial elementor-widget elementor-widget-image\" data-id=\"bdb9425\" data-element_type=\"widget\" data-widget_type=\"image.default\">\n\t\t\t\t<div class=\"elementor-widget-container\">\n\t\t\t\t\t\t\t\t\t\t\t\t\t\t\t<img decoding=\"async\" width=\"768\" height=\"1152\" src=\"https:\/\/maloglaus.com\/wp-content\/uploads\/2025\/08\/DSC06943-768x1152.jpg\" class=\"attachment-medium_large size-medium_large wp-image-6271\" alt=\"Malo Glaus Autoportrait\" srcset=\"https:\/\/maloglaus.com\/wp-content\/uploads\/2025\/08\/DSC06943-768x1152.jpg 768w, https:\/\/maloglaus.com\/wp-content\/uploads\/2025\/08\/DSC06943-200x300.jpg 200w, https:\/\/maloglaus.com\/wp-content\/uploads\/2025\/08\/DSC06943-600x900.jpg 600w, https:\/\/maloglaus.com\/wp-content\/uploads\/2025\/08\/DSC06943-1024x1536.jpg 1024w, https:\/\/maloglaus.com\/wp-content\/uploads\/2025\/08\/DSC06943-1365x2048.jpg 1365w, https:\/\/maloglaus.com\/wp-content\/uploads\/2025\/08\/DSC06943-8x12.jpg 8w, https:\/\/maloglaus.com\/wp-content\/uploads\/2025\/08\/DSC06943-300x450.jpg 300w, https:\/\/maloglaus.com\/wp-content\/uploads\/2025\/08\/DSC06943-scaled.jpg 1707w\" sizes=\"(max-width: 768px) 100vw, 768px\" \/>\t\t\t\t\t\t\t\t\t\t\t\t\t\t\t<\/div>\n\t\t\t\t<\/div>\n\t\t\t\t<div class=\"elementor-element elementor-element-f71b1b8 elementor-hidden-desktop elementor-widget elementor-widget-text-editor\" data-id=\"f71b1b8\" data-element_type=\"widget\" data-widget_type=\"text-editor.default\">\n\t\t\t\t<div class=\"elementor-widget-container\">\n\t\t\t\t\t\t\t\t\t<p>French-Swiss photographer and videographer, graduated from a <em>Bachelor\u2019s Degree in Photography and Moving Images<\/em>, and in<em>\u00a0Project conception in graphic design and visual arts<\/em> in \u00c9cole de Cond\u00e9 Nancy.<\/p><p>The power of images on our perception of the world fascinates me, especially since the overabundance of images is part of our daily lives. That\u2019s why I place special importance on visual impact and how well-thought-out communication can leave a lasting impression.<\/p><p>My approach relies as much on aesthetics as on storytelling. Each image carries an atmosphere, a fragment of a story, but it is through their sequence that the narrative emerges. My work is to create worlds that give the illusion of a reality I try to bring to life or revive through my images.<\/p>\t\t\t\t\t\t\t\t<\/div>\n\t\t\t\t<\/div>\n\t\t\t\t<\/div>\n\t\t\t\t\t<\/div>\n\t\t\t\t<\/div>\n\t\t\t\t<\/div>","protected":false},"excerpt":{"rendered":"<p>MALO&nbsp;&nbsp;&nbsp;&nbsp;GLAUSBIOGRAPHIE Photographe et vid\u00e9aste franco-suisse, dipl\u00f4m\u00e9 d\u2019un Bachelor en Photographie Images Anim\u00e9es, ainsi qu&rsquo;en\u00a0conception de projets en design et arts graphiques \u00e0 l\u2019\u00c9cole de Cond\u00e9 Nancy. Le pouvoir de l&rsquo;image sur notre perception du monde me fascine particuli\u00e8rement car la surabondance d&rsquo;image fait partie de notre quotidien. C&rsquo;est pourquoi j&rsquo;accorde une importance particuli\u00e8re \u00e0 l&rsquo;impact&#8230;<\/p>","protected":false},"author":1,"featured_media":0,"parent":0,"menu_order":0,"comment_status":"closed","ping_status":"closed","template":"","meta":{"_uag_custom_page_level_css":"","_kadence_starter_templates_imported_post":false,"_kad_post_transparent":"","_kad_post_title":"hide","_kad_post_layout":"fullwidth","_kad_post_sidebar_id":"","_kad_post_content_style":"unboxed","_kad_post_vertical_padding":"hide","_kad_post_feature":"hide","_kad_post_feature_position":"","_kad_post_header":false,"_kad_post_footer":false,"_kad_post_classname":"","slim_seo":{"title":"Biographie | Malo Glaus","description":"MALO &nbsp;&nbsp;&nbsp;&nbsp;GLAUSBIOGRAPHIE Photographe et vid\u00e9aste franco-suisse, dipl\u00f4m\u00e9 d\u2019un Bachelor en Photographie Images Anim\u00e9es , ainsi qu'en \u00a0 concept"},"footnotes":""},"class_list":["post-34","page","type-page","status-publish","hentry"],"uagb_featured_image_src":{"full":false,"thumbnail":false,"medium":false,"medium_large":false,"large":false,"1536x1536":false,"2048x2048":false,"trp-custom-language-flag":false,"depicter-thumbnail":false,"woocommerce_thumbnail":false,"woocommerce_single":false,"woocommerce_gallery_thumbnail":false},"uagb_author_info":{"display_name":"Malo GLAUS","author_link":"https:\/\/maloglaus.com\/en\/author\/maloglaus\/"},"uagb_comment_info":0,"uagb_excerpt":"MALO&nbsp;&nbsp;&nbsp;&nbsp;GLAUSBIOGRAPHIE Photographe et vid\u00e9aste franco-suisse, dipl\u00f4m\u00e9 d\u2019un Bachelor en Photographie Images Anim\u00e9es, ainsi qu&rsquo;en\u00a0conception de projets en design et arts graphiques \u00e0 l\u2019\u00c9cole de Cond\u00e9 Nancy. Le pouvoir de l&rsquo;image sur notre perception du monde me fascine particuli\u00e8rement car la surabondance d&rsquo;image fait partie de notre quotidien. C&rsquo;est pourquoi j&rsquo;accorde une importance particuli\u00e8re \u00e0 l&rsquo;impact...","_links":{"self":[{"href":"https:\/\/maloglaus.com\/en\/wp-json\/wp\/v2\/pages\/34","targetHints":{"allow":["GET"]}}],"collection":[{"href":"https:\/\/maloglaus.com\/en\/wp-json\/wp\/v2\/pages"}],"about":[{"href":"https:\/\/maloglaus.com\/en\/wp-json\/wp\/v2\/types\/page"}],"author":[{"embeddable":true,"href":"https:\/\/maloglaus.com\/en\/wp-json\/wp\/v2\/users\/1"}],"replies":[{"embeddable":true,"href":"https:\/\/maloglaus.com\/en\/wp-json\/wp\/v2\/comments?post=34"}],"version-history":[{"count":281,"href":"https:\/\/maloglaus.com\/en\/wp-json\/wp\/v2\/pages\/34\/revisions"}],"predecessor-version":[{"id":8115,"href":"https:\/\/maloglaus.com\/en\/wp-json\/wp\/v2\/pages\/34\/revisions\/8115"}],"wp:attachment":[{"href":"https:\/\/maloglaus.com\/en\/wp-json\/wp\/v2\/media?parent=34"}],"curies":[{"name":"wp","href":"https:\/\/api.w.org\/{rel}","templated":true}]}}